
{"id":4756,"date":"2025-01-11T14:30:12","date_gmt":"2025-01-11T14:30:12","guid":{"rendered":"https:\/\/petrodeluxe.com\/?page_id=4756"},"modified":"2026-04-16T16:21:03","modified_gmt":"2026-04-16T16:21:03","slug":"o-nas","status":"publish","type":"page","link":"https:\/\/petrodeluxe.com\/?page_id=4756","title":{"rendered":"O nas"},"content":{"rendered":"\t\t<div data-elementor-type=\"wp-page\" data-elementor-id=\"4756\" class=\"elementor elementor-4756\">\n\t\t\t\t\t\t<section class=\"elementor-section elementor-top-section elementor-element elementor-element-7x6kd2d elementor-section-content-middle elementor-reverse-mobile elementor-section-boxed elementor-section-height-default elementor-section-height-default\" data-id=\"7x6kd2d\" data-element_type=\"section\" data-settings=\"{&quot;background_background&quot;:&quot;classic&quot;}\">\n\t\t\t\t\t\t\t<div class=\"elementor-background-overlay\"><\/div>\n\t\t\t\t\t\t\t<div class=\"elementor-container elementor-column-gap-no\">\n\t\t\t\t\t<div class=\"elementor-column elementor-col-50 elementor-top-column elementor-element elementor-element-b0b74d8\" data-id=\"b0b74d8\" data-element_type=\"column\">\n\t\t\t<div class=\"elementor-widget-wrap elementor-element-populated\">\n\t\t\t\t\t\t<div class=\"elementor-element elementor-element-0bafa5e elementor-widget elementor-widget-heading\" data-id=\"0bafa5e\" data-element_type=\"widget\" data-widget_type=\"heading.default\">\n\t\t\t\t<div class=\"elementor-widget-container\">\n\t\t\t<h2 class=\"elementor-heading-title elementor-size-default\">PETRO DELUXE \u2013 nepremi\u010dninska ekspertiza v Sloveniji in Dubaju<\/h2>\t\t<\/div>\n\t\t\t\t<\/div>\n\t\t\t\t<div class=\"elementor-element elementor-element-b915c5b elementor-widget elementor-widget-text-editor\" data-id=\"b915c5b\" data-element_type=\"widget\" data-widget_type=\"text-editor.default\">\n\t\t\t\t<div class=\"elementor-widget-container\">\n\t\t\t\t\t\t\t<p>Pri Petro Deluxe verjamemo v vizijo brez meja. Smo agencija, ki zdru\u017euje strast, inovacije in vrhunsko storitev za nepremi\u010dninske investicije na dveh klju\u010dnih trgih \u2013 v\u00a0<strong>Sloveniji<\/strong>\u00a0in\u00a0<strong>Dubaju<\/strong>. Na\u0161a zgodba temelji na zaupanju, strokovnosti in dose\u017eenih rezultatih. Smo mlada, a izjemno uspe\u0161na ekipa, ki zagotavlja celovite re\u0161itve za va\u0161e nepremi\u010dninske potrebe.<\/p>\t\t\t\t\t\t<\/div>\n\t\t\t\t<\/div>\n\t\t\t\t\t<\/div>\n\t\t<\/div>\n\t\t\t\t<div class=\"elementor-column elementor-col-50 elementor-top-column elementor-element elementor-element-51962fb\" data-id=\"51962fb\" data-element_type=\"column\" data-settings=\"{&quot;background_background&quot;:&quot;classic&quot;}\">\n\t\t\t<div class=\"elementor-widget-wrap elementor-element-populated\">\n\t\t\t\t\t\t<div class=\"elementor-element elementor-element-6315460 elementor-widget elementor-widget-image\" data-id=\"6315460\" data-element_type=\"widget\" data-widget_type=\"image.default\">\n\t\t\t\t<div class=\"elementor-widget-container\">\n\t\t\t\t\t\t\t\t\t\t\t\t\t<img fetchpriority=\"high\" decoding=\"async\" width=\"2500\" height=\"1404\" src=\"https:\/\/petrodeluxe.com\/wp-content\/uploads\/2024\/09\/Dubaj-2.jpg\" class=\"attachment-full size-full wp-image-1367\" alt=\"\" srcset=\"https:\/\/petrodeluxe.com\/wp-content\/uploads\/2024\/09\/Dubaj-2.jpg 2500w, https:\/\/petrodeluxe.com\/wp-content\/uploads\/2024\/09\/Dubaj-2-300x168.jpg 300w, https:\/\/petrodeluxe.com\/wp-content\/uploads\/2024\/09\/Dubaj-2-1024x575.jpg 1024w, https:\/\/petrodeluxe.com\/wp-content\/uploads\/2024\/09\/Dubaj-2-768x431.jpg 768w, https:\/\/petrodeluxe.com\/wp-content\/uploads\/2024\/09\/Dubaj-2-1536x863.jpg 1536w, https:\/\/petrodeluxe.com\/wp-content\/uploads\/2024\/09\/Dubaj-2-2048x1150.jpg 2048w\" sizes=\"(max-width: 2500px) 100vw, 2500px\" \/>\t\t\t\t\t\t\t\t\t\t\t\t\t<\/div>\n\t\t\t\t<\/div>\n\t\t\t\t\t<\/div>\n\t\t<\/div>\n\t\t\t\t\t<\/div>\n\t\t<\/section>\n\t\t\t\t<section class=\"elementor-section elementor-top-section elementor-element elementor-element-57l4lh1 elementor-section-boxed elementor-section-height-default elementor-section-height-default\" data-id=\"57l4lh1\" data-element_type=\"section\" data-settings=\"{&quot;background_background&quot;:&quot;classic&quot;}\">\n\t\t\t\t\t\t\t<div class=\"elementor-background-overlay\"><\/div>\n\t\t\t\t\t\t\t<div class=\"elementor-container elementor-column-gap-default\">\n\t\t\t\t\t<div class=\"elementor-column elementor-col-100 elementor-top-column elementor-element elementor-element-68ccc91\" data-id=\"68ccc91\" data-element_type=\"column\">\n\t\t\t<div class=\"elementor-widget-wrap elementor-element-populated\">\n\t\t\t\t\t\t<div class=\"elementor-element elementor-element-605f1c7 elementor-widget elementor-widget-text-editor\" data-id=\"605f1c7\" data-element_type=\"widget\" data-widget_type=\"text-editor.default\">\n\t\t\t\t<div class=\"elementor-widget-container\">\n\t\t\t\t\t\t\t<p><strong style=\"font-size: 1.5rem;\">Na\u0161a prednost<\/strong><\/p><ul><li><strong>Globalna pokritost<\/strong>: Sodelujemo s strankami iz Slovenije, \u0161ir\u0161e regije nekdanje Jugoslavije in Evrope, tako na slovenskem kot tudi dubajskem trgu.<\/li><li><strong>Izku\u0161nje in uspehi<\/strong>: Prodali smo vse od stanovanj in hi\u0161 v Sloveniji do luksuznih vil na Palm Jebel Ali ter celotnih nadstropij v vrednosti ve\u010d milijonov evrov v Dubaju.<\/li><li><strong>Celovite storitve<\/strong>:<ul><li><strong>Nakup in prodaja nepremi\u010dnin<\/strong>: Z vrhunsko prodajno strategijo in poglobljenim znanjem trga dose\u017eemo najbolj\u0161e pogoje za na\u0161e stranke.<\/li><li><strong>Oddajanje nepremi\u010dnin<\/strong>: Poskrbimo za dolgoro\u010dne in kratkoro\u010dne najeme \u2013 od komunikacije z gosti do popolnega upravljanja nepremi\u010dnin (Airbnb, Booking).<\/li><li><strong>Podpora investitorjem<\/strong>: Uredimo vse od pridobivanja vizumov do odpiranja ban\u010dnih ra\u010dunov, kar omogo\u010da brezskrbno investiranje.<\/li><\/ul><\/li><li><strong>Ekskluzivne prilo\u017enosti<\/strong>: Sodelujemo neposredno z najuglednej\u0161imi razvijalci (Emaar, Sobha, Damac), kar na\u0161im strankam zagotavlja dostop do najbolj\u0161ih enot in ponudb na trgu.<\/li><\/ul><h4><strong>Zakaj Petro Deluxe?<\/strong><\/h4><ul><li>Sledimo\u00a0<strong>najnovej\u0161im trendom<\/strong>\u00a0in uporabljamo\u00a0<strong>napredno tehnologijo<\/strong>, ki omogo\u010da izjemno prodajno uspe\u0161nost.<\/li><li>Zgradili smo mre\u017eo zaupanja vrednih strokovnjakov \u2013 od odvetnikov do digitalnih marketin\u0161kih strokovnjakov.<\/li><li>Na\u0161a posve\u010denost strankam je neomajna \u2013 va\u0161e cilje postavimo na prvo mesto in poskrbimo, da so va\u0161e investicije donosne in varne.<\/li><\/ul>\t\t\t\t\t\t<\/div>\n\t\t\t\t<\/div>\n\t\t\t\t<div class=\"elementor-element elementor-element-b9d592e elementor-widget elementor-widget-heading\" data-id=\"b9d592e\" data-element_type=\"widget\" data-widget_type=\"heading.default\">\n\t\t\t\t<div class=\"elementor-widget-container\">\n\t\t\t<h2 class=\"elementor-heading-title elementor-size-default\">Na\u0161i strokovnjaki\n<\/h2>\t\t<\/div>\n\t\t\t\t<\/div>\n\t\t\t\t<section class=\"elementor-section elementor-inner-section elementor-element elementor-element-ed6b18b elementor-section-boxed elementor-section-height-default elementor-section-height-default\" data-id=\"ed6b18b\" data-element_type=\"section\">\n\t\t\t\t\t\t<div class=\"elementor-container elementor-column-gap-default\">\n\t\t\t\t\t<div class=\"elementor-column elementor-col-50 elementor-inner-column elementor-element elementor-element-015deea\" data-id=\"015deea\" data-element_type=\"column\" data-settings=\"{&quot;background_background&quot;:&quot;classic&quot;}\">\n\t\t\t<div class=\"elementor-widget-wrap elementor-element-populated\">\n\t\t\t\t\t<div class=\"elementor-background-overlay\"><\/div>\n\t\t\t\t\t\t<div class=\"elementor-element elementor-element-c55ac65 elementor-widget elementor-widget-heading\" data-id=\"c55ac65\" data-element_type=\"widget\" data-widget_type=\"heading.default\">\n\t\t\t\t<div class=\"elementor-widget-container\">\n\t\t\t<h4 class=\"elementor-heading-title elementor-size-default\">Jan Petrovi\u010d\n<\/h4>\t\t<\/div>\n\t\t\t\t<\/div>\n\t\t\t\t<div class=\"elementor-element elementor-element-7530ff6 elementor-widget elementor-widget-text-editor\" data-id=\"7530ff6\" data-element_type=\"widget\" data-widget_type=\"text-editor.default\">\n\t\t\t\t<div class=\"elementor-widget-container\">\n\t\t\t\t\t\t\t<p>Mag. prav. in manag. neprem.<br \/>Nepremi\u010dninski posrednik, \u0161t. licence: 03299<\/p>\t\t\t\t\t\t<\/div>\n\t\t\t\t<\/div>\n\t\t\t\t\t<\/div>\n\t\t<\/div>\n\t\t\t\t<div class=\"elementor-column elementor-col-50 elementor-inner-column elementor-element elementor-element-7ce7b28\" data-id=\"7ce7b28\" data-element_type=\"column\" data-settings=\"{&quot;background_background&quot;:&quot;classic&quot;}\">\n\t\t\t<div class=\"elementor-widget-wrap elementor-element-populated\">\n\t\t\t\t\t<div class=\"elementor-background-overlay\"><\/div>\n\t\t\t\t\t\t<div class=\"elementor-element elementor-element-2615748 elementor-widget elementor-widget-heading\" data-id=\"2615748\" data-element_type=\"widget\" data-widget_type=\"heading.default\">\n\t\t\t\t<div class=\"elementor-widget-container\">\n\t\t\t<h4 class=\"elementor-heading-title elementor-size-default\">Milo\u0161 Stevi\u0107\n<\/h4>\t\t<\/div>\n\t\t\t\t<\/div>\n\t\t\t\t<div class=\"elementor-element elementor-element-29c102e elementor-widget elementor-widget-text-editor\" data-id=\"29c102e\" data-element_type=\"widget\" data-widget_type=\"text-editor.default\">\n\t\t\t\t<div class=\"elementor-widget-container\">\n\t\t\t\t\t\t\t<p>Strokovnjak za nepremi\u010dninsko prodajo v Dubaju, s poudarkom na SRB\/HRV trgu<\/p>\t\t\t\t\t\t<\/div>\n\t\t\t\t<\/div>\n\t\t\t\t\t<\/div>\n\t\t<\/div>\n\t\t\t\t\t<\/div>\n\t\t<\/section>\n\t\t\t\t<section class=\"elementor-section elementor-inner-section elementor-element elementor-element-62f7f10 elementor-section-boxed elementor-section-height-default elementor-section-height-default\" data-id=\"62f7f10\" data-element_type=\"section\" data-settings=\"{&quot;background_background&quot;:&quot;classic&quot;}\">\n\t\t\t\t\t\t<div class=\"elementor-container elementor-column-gap-default\">\n\t\t\t\t\t<div class=\"elementor-column elementor-col-50 elementor-inner-column elementor-element elementor-element-d8eebc5\" data-id=\"d8eebc5\" data-element_type=\"column\" data-settings=\"{&quot;background_background&quot;:&quot;classic&quot;}\">\n\t\t\t<div class=\"elementor-widget-wrap elementor-element-populated\">\n\t\t\t\t\t<div class=\"elementor-background-overlay\"><\/div>\n\t\t\t\t\t\t<div class=\"elementor-element elementor-element-257e42d elementor-widget elementor-widget-heading\" data-id=\"257e42d\" data-element_type=\"widget\" data-widget_type=\"heading.default\">\n\t\t\t\t<div class=\"elementor-widget-container\">\n\t\t\t<h4 class=\"elementor-heading-title elementor-size-default\">Muhammed Saif Ansari\n<\/h4>\t\t<\/div>\n\t\t\t\t<\/div>\n\t\t\t\t<div class=\"elementor-element elementor-element-18a371c elementor-widget elementor-widget-text-editor\" data-id=\"18a371c\" data-element_type=\"widget\" data-widget_type=\"text-editor.default\">\n\t\t\t\t<div class=\"elementor-widget-container\">\n\t\t\t\t\t\t\t<p>Strokovnjak za novogradnje v Dubaju, z 10+ let izku\u0161njami na tem trgu<\/p>\t\t\t\t\t\t<\/div>\n\t\t\t\t<\/div>\n\t\t\t\t\t<\/div>\n\t\t<\/div>\n\t\t\t\t<div class=\"elementor-column elementor-col-50 elementor-inner-column elementor-element elementor-element-cd4d50b\" data-id=\"cd4d50b\" data-element_type=\"column\" data-settings=\"{&quot;background_background&quot;:&quot;classic&quot;}\">\n\t\t\t<div class=\"elementor-widget-wrap elementor-element-populated\">\n\t\t\t\t\t<div class=\"elementor-background-overlay\"><\/div>\n\t\t\t\t\t\t<div class=\"elementor-element elementor-element-6624f59 elementor-widget elementor-widget-heading\" data-id=\"6624f59\" data-element_type=\"widget\" data-widget_type=\"heading.default\">\n\t\t\t\t<div class=\"elementor-widget-container\">\n\t\t\t<h4 class=\"elementor-heading-title elementor-size-default\">Vinod Krishna Murthy<\/h4>\t\t<\/div>\n\t\t\t\t<\/div>\n\t\t\t\t<div class=\"elementor-element elementor-element-918e247 elementor-widget elementor-widget-text-editor\" data-id=\"918e247\" data-element_type=\"widget\" data-widget_type=\"text-editor.default\">\n\t\t\t\t<div class=\"elementor-widget-container\">\n\t\t\t\t\t\t\t<p>Strokovnjak za \u017ee zgrajene nepremi\u010dnine v Dubaju, z ve\u010d kot 20 let izku\u0161njami na nepremi\u010dninskem trgu<\/p>\t\t\t\t\t\t<\/div>\n\t\t\t\t<\/div>\n\t\t\t\t\t<\/div>\n\t\t<\/div>\n\t\t\t\t\t<\/div>\n\t\t<\/section>\n\t\t\t\t<section class=\"elementor-section elementor-inner-section elementor-element elementor-element-8b97ee9 elementor-section-boxed elementor-section-height-default elementor-section-height-default\" data-id=\"8b97ee9\" data-element_type=\"section\">\n\t\t\t\t\t\t<div class=\"elementor-container elementor-column-gap-default\">\n\t\t\t\t\t<div class=\"elementor-column elementor-col-25 elementor-inner-column elementor-element elementor-element-064da58\" data-id=\"064da58\" data-element_type=\"column\" data-settings=\"{&quot;background_background&quot;:&quot;classic&quot;}\">\n\t\t\t<div class=\"elementor-widget-wrap elementor-element-populated\">\n\t\t\t\t\t<div class=\"elementor-background-overlay\"><\/div>\n\t\t\t\t\t\t<div class=\"elementor-element elementor-element-d4b8b0b elementor-widget elementor-widget-heading\" data-id=\"d4b8b0b\" data-element_type=\"widget\" data-widget_type=\"heading.default\">\n\t\t\t\t<div class=\"elementor-widget-container\">\n\t\t\t<h4 class=\"elementor-heading-title elementor-size-default\">Game Changer d.o.o.\n<\/h4>\t\t<\/div>\n\t\t\t\t<\/div>\n\t\t\t\t<div class=\"elementor-element elementor-element-535cf10 elementor-widget elementor-widget-text-editor\" data-id=\"535cf10\" data-element_type=\"widget\" data-widget_type=\"text-editor.default\">\n\t\t\t\t<div class=\"elementor-widget-container\">\n\t\t\t\t\t\t\t<p>Digitalni marketing (META platforme)<\/p>\t\t\t\t\t\t<\/div>\n\t\t\t\t<\/div>\n\t\t\t\t\t<\/div>\n\t\t<\/div>\n\t\t\t\t<div class=\"elementor-column elementor-col-25 elementor-inner-column elementor-element elementor-element-4b3eb99\" data-id=\"4b3eb99\" data-element_type=\"column\" data-settings=\"{&quot;background_background&quot;:&quot;classic&quot;}\">\n\t\t\t<div class=\"elementor-widget-wrap elementor-element-populated\">\n\t\t\t\t\t<div class=\"elementor-background-overlay\"><\/div>\n\t\t\t\t\t\t<div class=\"elementor-element elementor-element-a7118b7 elementor-widget elementor-widget-heading\" data-id=\"a7118b7\" data-element_type=\"widget\" data-widget_type=\"heading.default\">\n\t\t\t\t<div class=\"elementor-widget-container\">\n\t\t\t<h4 class=\"elementor-heading-title elementor-size-default\">Clipifly\n<\/h4>\t\t<\/div>\n\t\t\t\t<\/div>\n\t\t\t\t<div class=\"elementor-element elementor-element-154b37f elementor-widget elementor-widget-text-editor\" data-id=\"154b37f\" data-element_type=\"widget\" data-widget_type=\"text-editor.default\">\n\t\t\t\t<div class=\"elementor-widget-container\">\n\t\t\t\t\t\t\t<p>TikTok &amp; Instagram marketing<\/p>\t\t\t\t\t\t<\/div>\n\t\t\t\t<\/div>\n\t\t\t\t\t<\/div>\n\t\t<\/div>\n\t\t\t\t<div class=\"elementor-column elementor-col-25 elementor-inner-column elementor-element elementor-element-e89516b\" data-id=\"e89516b\" data-element_type=\"column\" data-settings=\"{&quot;background_background&quot;:&quot;classic&quot;}\">\n\t\t\t<div class=\"elementor-widget-wrap elementor-element-populated\">\n\t\t\t\t\t<div class=\"elementor-background-overlay\"><\/div>\n\t\t\t\t\t\t<div class=\"elementor-element elementor-element-092e99e elementor-widget elementor-widget-heading\" data-id=\"092e99e\" data-element_type=\"widget\" data-widget_type=\"heading.default\">\n\t\t\t\t<div class=\"elementor-widget-container\">\n\t\t\t<h4 class=\"elementor-heading-title elementor-size-default\">Allegiance\n<\/h4>\t\t<\/div>\n\t\t\t\t<\/div>\n\t\t\t\t<div class=\"elementor-element elementor-element-7297392 elementor-widget elementor-widget-text-editor\" data-id=\"7297392\" data-element_type=\"widget\" data-widget_type=\"text-editor.default\">\n\t\t\t\t<div class=\"elementor-widget-container\">\n\t\t\t\t\t\t\t<p>Specializirana agencija za korporativne storitve in celostno upravljanje nepremi\u010dnin. Skrbijo za organizacijo, optimizacijo in strokovno vodenje vseh vidikov nepremi\u010dninskega poslovanja v Dubaju.<\/p>\t\t\t\t\t\t<\/div>\n\t\t\t\t<\/div>\n\t\t\t\t\t<\/div>\n\t\t<\/div>\n\t\t\t\t<div class=\"elementor-column elementor-col-25 elementor-inner-column elementor-element elementor-element-2c6954a\" data-id=\"2c6954a\" data-element_type=\"column\" data-settings=\"{&quot;background_background&quot;:&quot;classic&quot;}\">\n\t\t\t<div class=\"elementor-widget-wrap elementor-element-populated\">\n\t\t\t\t\t<div class=\"elementor-background-overlay\"><\/div>\n\t\t\t\t\t\t<div class=\"elementor-element elementor-element-44c0dce elementor-widget elementor-widget-heading\" data-id=\"44c0dce\" data-element_type=\"widget\" data-widget_type=\"heading.default\">\n\t\t\t\t<div class=\"elementor-widget-container\">\n\t\t\t<h4 class=\"elementor-heading-title elementor-size-default\">Pravni strokovnjak (odvetnik)\n<\/h4>\t\t<\/div>\n\t\t\t\t<\/div>\n\t\t\t\t<div class=\"elementor-element elementor-element-08c158c elementor-widget elementor-widget-text-editor\" data-id=\"08c158c\" data-element_type=\"widget\" data-widget_type=\"text-editor.default\">\n\t\t\t\t<div class=\"elementor-widget-container\">\n\t\t\t\t\t\t\t<p>Del na\u0161e ekipe je tudi pravni strokovnjak z izku\u0161njami na podro\u010dju prava, ki skrbi za pravno varnost in skladnost na\u0161ega poslovanja.<\/p>\t\t\t\t\t\t<\/div>\n\t\t\t\t<\/div>\n\t\t\t\t\t<\/div>\n\t\t<\/div>\n\t\t\t\t\t<\/div>\n\t\t<\/section>\n\t\t\t\t\t<\/div>\n\t\t<\/div>\n\t\t\t\t\t<\/div>\n\t\t<\/section>\n\t\t\t\t<\/div>\n\t\t","protected":false},"excerpt":{"rendered":"<p>PETRO DELUXE \u2013 nepremi\u010dninska ekspertiza v Sloveniji in Dubaju Pri Petro Deluxe verjamemo v vizijo brez meja. Smo agencija, ki zdru\u017euje strast, inovacije in vrhunsko storitev za nepremi\u010dninske investicije na&#46;&#46;&#46;<\/p>\n","protected":false},"author":1,"featured_media":0,"parent":0,"menu_order":0,"comment_status":"closed","ping_status":"closed","template":"elementor_header_footer","meta":{"footnotes":""},"class_list":["post-4756","page","type-page","status-publish","hentry"],"_links":{"self":[{"href":"https:\/\/petrodeluxe.com\/index.php?rest_route=\/wp\/v2\/pages\/4756","targetHints":{"allow":["GET"]}}],"collection":[{"href":"https:\/\/petrodeluxe.com\/index.php?rest_route=\/wp\/v2\/pages"}],"about":[{"href":"https:\/\/petrodeluxe.com\/index.php?rest_route=\/wp\/v2\/types\/page"}],"author":[{"embeddable":true,"href":"https:\/\/petrodeluxe.com\/index.php?rest_route=\/wp\/v2\/users\/1"}],"replies":[{"embeddable":true,"href":"https:\/\/petrodeluxe.com\/index.php?rest_route=%2Fwp%2Fv2%2Fcomments&post=4756"}],"version-history":[{"count":34,"href":"https:\/\/petrodeluxe.com\/index.php?rest_route=\/wp\/v2\/pages\/4756\/revisions"}],"predecessor-version":[{"id":7636,"href":"https:\/\/petrodeluxe.com\/index.php?rest_route=\/wp\/v2\/pages\/4756\/revisions\/7636"}],"wp:attachment":[{"href":"https:\/\/petrodeluxe.com\/index.php?rest_route=%2Fwp%2Fv2%2Fmedia&parent=4756"}],"curies":[{"name":"wp","href":"https:\/\/api.w.org\/{rel}","templated":true}]}}