
{"id":4734,"date":"2025-01-11T14:10:54","date_gmt":"2025-01-11T14:10:54","guid":{"rendered":"https:\/\/petrodeluxe.com\/?page_id=4734"},"modified":"2025-01-18T15:15:50","modified_gmt":"2025-01-18T15:15:50","slug":"kontaktna-stran","status":"publish","type":"page","link":"https:\/\/petrodeluxe.com\/?page_id=4734","title":{"rendered":"Kontaktna stran"},"content":{"rendered":"\t\t<div data-elementor-type=\"wp-page\" data-elementor-id=\"4734\" class=\"elementor elementor-4734\">\n\t\t\t\t<div class=\"elementor-element elementor-element-61fc25f e-flex e-con-boxed e-con e-parent\" data-id=\"61fc25f\" data-element_type=\"container\">\n\t\t\t\t\t<div class=\"e-con-inner\">\n\t\t\t\t<div class=\"elementor-element elementor-element-183149f elementor-widget elementor-widget-text-editor\" data-id=\"183149f\" data-element_type=\"widget\" data-widget_type=\"text-editor.default\">\n\t\t\t\t<div class=\"elementor-widget-container\">\n\t\t\t\t\t\t\t<p>Vizika podjetja <span style=\"color: #ddb25a;\">Petro Deluxe<\/span><\/p>\t\t\t\t\t\t<\/div>\n\t\t\t\t<\/div>\n\t\t\t\t<div class=\"elementor-element elementor-element-eb6601f elementor-widget elementor-widget-image\" data-id=\"eb6601f\" data-element_type=\"widget\" data-widget_type=\"image.default\">\n\t\t\t\t<div class=\"elementor-widget-container\">\n\t\t\t\t\t\t\t\t\t\t\t\t\t<img fetchpriority=\"high\" decoding=\"async\" width=\"1080\" height=\"720\" src=\"https:\/\/petrodeluxe.com\/wp-content\/uploads\/2025\/01\/Vizitka-podjetja-3.png\" class=\"attachment-full size-full wp-image-5033\" alt=\"\" srcset=\"https:\/\/petrodeluxe.com\/wp-content\/uploads\/2025\/01\/Vizitka-podjetja-3.png 1080w, https:\/\/petrodeluxe.com\/wp-content\/uploads\/2025\/01\/Vizitka-podjetja-3-300x200.png 300w, https:\/\/petrodeluxe.com\/wp-content\/uploads\/2025\/01\/Vizitka-podjetja-3-1024x683.png 1024w, https:\/\/petrodeluxe.com\/wp-content\/uploads\/2025\/01\/Vizitka-podjetja-3-768x512.png 768w\" sizes=\"(max-width: 1080px) 100vw, 1080px\" \/>\t\t\t\t\t\t\t\t\t\t\t\t\t<\/div>\n\t\t\t\t<\/div>\n\t\t\t\t<div class=\"elementor-element elementor-element-07129fe elementor-widget elementor-widget-image\" data-id=\"07129fe\" data-element_type=\"widget\" data-widget_type=\"image.default\">\n\t\t\t\t<div class=\"elementor-widget-container\">\n\t\t\t\t\t\t\t\t\t\t\t\t\t<img decoding=\"async\" width=\"1080\" height=\"720\" src=\"https:\/\/petrodeluxe.com\/wp-content\/uploads\/2025\/01\/Vizitka-podjetja-1.png\" class=\"attachment-full size-full wp-image-4746\" alt=\"\" srcset=\"https:\/\/petrodeluxe.com\/wp-content\/uploads\/2025\/01\/Vizitka-podjetja-1.png 1080w, https:\/\/petrodeluxe.com\/wp-content\/uploads\/2025\/01\/Vizitka-podjetja-1-300x200.png 300w, https:\/\/petrodeluxe.com\/wp-content\/uploads\/2025\/01\/Vizitka-podjetja-1-1024x683.png 1024w, https:\/\/petrodeluxe.com\/wp-content\/uploads\/2025\/01\/Vizitka-podjetja-1-768x512.png 768w\" sizes=\"(max-width: 1080px) 100vw, 1080px\" \/>\t\t\t\t\t\t\t\t\t\t\t\t\t<\/div>\n\t\t\t\t<\/div>\n\t\t\t\t\t<\/div>\n\t\t\t\t<\/div>\n\t\t<div class=\"elementor-element elementor-element-779f12c e-flex e-con-boxed e-con e-parent\" data-id=\"779f12c\" data-element_type=\"container\" data-settings=\"{&quot;background_background&quot;:&quot;classic&quot;}\">\n\t\t\t\t\t<div class=\"e-con-inner\">\n\t\t<div class=\"elementor-element elementor-element-2ac1e92 e-con-full e-flex e-con e-child\" data-id=\"2ac1e92\" data-element_type=\"container\">\n\t\t\t\t<div class=\"elementor-element elementor-element-198862e elementor-widget elementor-widget-heading\" data-id=\"198862e\" data-element_type=\"widget\" data-widget_type=\"heading.default\">\n\t\t\t\t<div class=\"elementor-widget-container\">\n\t\t\t<h2 class=\"elementor-heading-title elementor-size-default\">Kontakt<\/h2>\t\t<\/div>\n\t\t\t\t<\/div>\n\t\t\t\t<div class=\"elementor-element elementor-element-98e90c1 elementor-widget elementor-widget-text-editor\" data-id=\"98e90c1\" data-element_type=\"widget\" data-widget_type=\"text-editor.default\">\n\t\t\t\t<div class=\"elementor-widget-container\">\n\t\t\t\t\t\t\t<p>I\u0161\u010dete zanesljivega partnerja pri prodaji ali oddaji va\u0161e nepremi\u010dnine? Kontaktirajte nas!<\/p>\t\t\t\t\t\t<\/div>\n\t\t\t\t<\/div>\n\t\t\t\t<\/div>\n\t\t<div class=\"elementor-element elementor-element-1f67928 e-con-full e-flex e-con e-child\" data-id=\"1f67928\" data-element_type=\"container\">\n\t\t\t\t<div class=\"elementor-element elementor-element-0bbd698 elementor-widget__width-initial elementor-widget-mobile__width-inherit elementor-widget elementor-widget-shortcode\" data-id=\"0bbd698\" data-element_type=\"widget\" data-widget_type=\"shortcode.default\">\n\t\t\t\t<div class=\"elementor-widget-container\">\n\t\t\t\t\t<div class=\"elementor-shortcode\">\n<div class=\"wpcf7 no-js\" id=\"wpcf7-f1389-o1\" lang=\"sl-SI\" dir=\"ltr\" data-wpcf7-id=\"1389\">\n<div class=\"screen-reader-response\"><p role=\"status\" aria-live=\"polite\" aria-atomic=\"true\"><\/p> <ul><\/ul><\/div>\n<form action=\"\/index.php?rest_route=%2Fwp%2Fv2%2Fpages%2F4734#wpcf7-f1389-o1\" method=\"post\" class=\"wpcf7-form init\" aria-label=\"Contact form\" novalidate=\"novalidate\" data-status=\"init\">\n<div style=\"display: none;\">\n<input type=\"hidden\" name=\"_wpcf7\" value=\"1389\" \/>\n<input type=\"hidden\" name=\"_wpcf7_version\" value=\"6.0.4\" \/>\n<input type=\"hidden\" name=\"_wpcf7_locale\" value=\"sl_SI\" \/>\n<input type=\"hidden\" name=\"_wpcf7_unit_tag\" value=\"wpcf7-f1389-o1\" \/>\n<input type=\"hidden\" name=\"_wpcf7_container_post\" value=\"0\" \/>\n<input type=\"hidden\" name=\"_wpcf7_posted_data_hash\" value=\"\" \/>\n<\/div>\n<div class=\"cf7-custom-form\">\n\t<div class=\"cf7-row\">\n\t\t<div class=\"cf7-column\">\n\t\t\t<p><label for=\"ime\">Ime*<\/label><br \/>\n<span class=\"wpcf7-form-control-wrap\" data-name=\"ime\"><input size=\"40\" maxlength=\"400\" class=\"wpcf7-form-control wpcf7-text wpcf7-validates-as-required cf7-text\" aria-required=\"true\" aria-invalid=\"false\" value=\"\" type=\"text\" name=\"ime\" \/><\/span>\n\t\t\t<\/p>\n\t\t<\/div>\n\t\t<div class=\"cf7-column\">\n\t\t\t<p><label for=\"priimek\">Priimek*<\/label><br \/>\n<span class=\"wpcf7-form-control-wrap\" data-name=\"priimek\"><input size=\"40\" maxlength=\"400\" class=\"wpcf7-form-control wpcf7-text wpcf7-validates-as-required cf7-text\" aria-required=\"true\" aria-invalid=\"false\" value=\"\" type=\"text\" name=\"priimek\" \/><\/span>\n\t\t\t<\/p>\n\t\t<\/div>\n\t<\/div>\n\t<div class=\"cf7-row\">\n\t\t<div class=\"cf7-column\">\n\t\t\t<p><label for=\"email\">Email*<\/label><br \/>\n<span class=\"wpcf7-form-control-wrap\" data-name=\"email\"><input size=\"40\" maxlength=\"400\" class=\"wpcf7-form-control wpcf7-email wpcf7-validates-as-required wpcf7-text wpcf7-validates-as-email cf7-text\" aria-required=\"true\" aria-invalid=\"false\" value=\"\" type=\"email\" name=\"email\" \/><\/span>\n\t\t\t<\/p>\n\t\t<\/div>\n\t\t<div class=\"cf7-column\">\n\t\t\t<p><label for=\"tel\">Tel. \u0161t.*<\/label><br \/>\n<span class=\"wpcf7-form-control-wrap\" data-name=\"tel\"><input size=\"40\" maxlength=\"400\" class=\"wpcf7-form-control wpcf7-tel wpcf7-validates-as-required wpcf7-text wpcf7-validates-as-tel cf7-text\" aria-required=\"true\" aria-invalid=\"false\" value=\"\" type=\"tel\" name=\"tel\" \/><\/span>\n\t\t\t<\/p>\n\t\t<\/div>\n\t<\/div>\n\t<p><label for=\"sporocilo\">Va\u0161e sporo\u010dilo (neobvezno)<\/label><br \/>\n<span class=\"wpcf7-form-control-wrap\" data-name=\"sporocilo\"><textarea cols=\"40\" rows=\"10\" maxlength=\"2000\" class=\"wpcf7-form-control wpcf7-textarea cf7-text\" aria-invalid=\"false\" name=\"sporocilo\"><\/textarea><\/span>\n\t<\/p>\n\t<p><input class=\"wpcf7-form-control wpcf7-submit has-spinner cf7-submit\" type=\"submit\" value=\"Po\u0161lji za brezpla\u010den posvet\" \/>\n\t<\/p>\n<\/div><div class=\"wpcf7-response-output\" aria-hidden=\"true\"><\/div>\n<\/form>\n<\/div>\n<\/div>\n\t\t\t\t<\/div>\n\t\t\t\t<\/div>\n\t\t\t\t<\/div>\n\t\t\t\t\t<\/div>\n\t\t\t\t<\/div>\n\t\t<div class=\"elementor-element elementor-element-1932e8e e-flex e-con-boxed e-con e-parent\" data-id=\"1932e8e\" data-element_type=\"container\">\n\t\t\t\t\t<div class=\"e-con-inner\">\n\t\t\t\t\t<\/div>\n\t\t\t\t<\/div>\n\t\t\t\t<\/div>\n\t\t","protected":false},"excerpt":{"rendered":"<p>Vizika podjetja Petro Deluxe Kontakt I\u0161\u010dete zanesljivega partnerja pri prodaji ali oddaji va\u0161e nepremi\u010dnine? Kontaktirajte nas!<\/p>\n","protected":false},"author":1,"featured_media":0,"parent":0,"menu_order":0,"comment_status":"closed","ping_status":"closed","template":"elementor_header_footer","meta":{"footnotes":""},"class_list":["post-4734","page","type-page","status-publish","hentry"],"_links":{"self":[{"href":"https:\/\/petrodeluxe.com\/index.php?rest_route=\/wp\/v2\/pages\/4734","targetHints":{"allow":["GET"]}}],"collection":[{"href":"https:\/\/petrodeluxe.com\/index.php?rest_route=\/wp\/v2\/pages"}],"about":[{"href":"https:\/\/petrodeluxe.com\/index.php?rest_route=\/wp\/v2\/types\/page"}],"author":[{"embeddable":true,"href":"https:\/\/petrodeluxe.com\/index.php?rest_route=\/wp\/v2\/users\/1"}],"replies":[{"embeddable":true,"href":"https:\/\/petrodeluxe.com\/index.php?rest_route=%2Fwp%2Fv2%2Fcomments&post=4734"}],"version-history":[{"count":16,"href":"https:\/\/petrodeluxe.com\/index.php?rest_route=\/wp\/v2\/pages\/4734\/revisions"}],"predecessor-version":[{"id":5036,"href":"https:\/\/petrodeluxe.com\/index.php?rest_route=\/wp\/v2\/pages\/4734\/revisions\/5036"}],"wp:attachment":[{"href":"https:\/\/petrodeluxe.com\/index.php?rest_route=%2Fwp%2Fv2%2Fmedia&parent=4734"}],"curies":[{"name":"wp","href":"https:\/\/api.w.org\/{rel}","templated":true}]}}