
{"id":2405,"date":"2024-10-28T19:45:54","date_gmt":"2024-10-28T19:45:54","guid":{"rendered":"https:\/\/petrodeluxe.com\/?page_id=2405"},"modified":"2024-10-28T19:55:17","modified_gmt":"2024-10-28T19:55:17","slug":"dubaj-zakaj-mi","status":"publish","type":"page","link":"https:\/\/petrodeluxe.com\/?page_id=2405","title":{"rendered":"Zakaj mi?"},"content":{"rendered":"\t\t<div data-elementor-type=\"wp-page\" data-elementor-id=\"2405\" class=\"elementor elementor-2405\">\n\t\t\t\t<div class=\"elementor-element elementor-element-8bbd4ad e-flex e-con-boxed e-con e-parent\" data-id=\"8bbd4ad\" data-element_type=\"container\" data-settings=\"{&quot;background_background&quot;:&quot;classic&quot;}\">\n\t\t\t\t\t<div class=\"e-con-inner\">\n\t\t<div class=\"elementor-element elementor-element-079cad7 e-con-full e-flex e-con e-child\" data-id=\"079cad7\" data-element_type=\"container\">\n\t\t\t\t<div class=\"elementor-element elementor-element-28d02d4 elementor-widget elementor-widget-heading\" data-id=\"28d02d4\" data-element_type=\"widget\" data-widget_type=\"heading.default\">\n\t\t\t\t<div class=\"elementor-widget-container\">\n\t\t\t<h2 class=\"elementor-heading-title elementor-size-default\">KAKO SEM PRISTAL V DUBAJU?<\/h2>\t\t<\/div>\n\t\t\t\t<\/div>\n\t\t\t\t<div class=\"elementor-element elementor-element-be99c2f elementor-widget elementor-widget-text-editor\" data-id=\"be99c2f\" data-element_type=\"widget\" data-widget_type=\"text-editor.default\">\n\t\t\t\t<div class=\"elementor-widget-container\">\n\t\t\t\t\t\t\t<p>Moja pot se je za\u010dela med pandemijo, ko sem pridobil licenco za nepremi\u010dninskega posrednika v Sloveniji.<\/p><p>Hitro sem ugotovil, da je ta posel <strong>pisan meni na ko\u017eo<\/strong>. Prodaje so se vrstile ena za drugo, sodeloval sem z dvema agencijama, od katerih sem se ogromno nau\u010dil. Toda vedno me je nekaj <strong>gnalo naprej<\/strong>, neka ideja, <strong>da obstaja nekaj ve\u010d<\/strong> \u2013 ve\u010dji trg, ve\u010dje prilo\u017enosti, ve\u010dji potencial. Tako sem za\u010del raziskovati mo\u017enosti v <strong>tujini<\/strong>.<\/p>\t\t\t\t\t\t<\/div>\n\t\t\t\t<\/div>\n\t\t\t\t<\/div>\n\t\t<div class=\"elementor-element elementor-element-1d5d645 e-con-full e-flex e-con e-child\" data-id=\"1d5d645\" data-element_type=\"container\">\n\t\t\t\t<div class=\"elementor-element elementor-element-93fd720 elementor-widget elementor-widget-image\" data-id=\"93fd720\" data-element_type=\"widget\" data-widget_type=\"image.default\">\n\t\t\t\t<div class=\"elementor-widget-container\">\n\t\t\t\t\t\t\t\t\t\t\t\t\t<img fetchpriority=\"high\" decoding=\"async\" width=\"2987\" height=\"1775\" src=\"https:\/\/petrodeluxe.com\/wp-content\/uploads\/2024\/10\/Binghatti-Skyrise.png\" class=\"attachment-full size-full wp-image-2318\" alt=\"\" srcset=\"https:\/\/petrodeluxe.com\/wp-content\/uploads\/2024\/10\/Binghatti-Skyrise.png 2987w, https:\/\/petrodeluxe.com\/wp-content\/uploads\/2024\/10\/Binghatti-Skyrise-300x178.png 300w, https:\/\/petrodeluxe.com\/wp-content\/uploads\/2024\/10\/Binghatti-Skyrise-1024x609.png 1024w, https:\/\/petrodeluxe.com\/wp-content\/uploads\/2024\/10\/Binghatti-Skyrise-768x456.png 768w, https:\/\/petrodeluxe.com\/wp-content\/uploads\/2024\/10\/Binghatti-Skyrise-1536x913.png 1536w, https:\/\/petrodeluxe.com\/wp-content\/uploads\/2024\/10\/Binghatti-Skyrise-2048x1217.png 2048w\" sizes=\"(max-width: 2987px) 100vw, 2987px\" \/>\t\t\t\t\t\t\t\t\t\t\t\t\t<\/div>\n\t\t\t\t<\/div>\n\t\t\t\t<\/div>\n\t\t\t\t\t<\/div>\n\t\t\t\t<\/div>\n\t\t<div class=\"elementor-element elementor-element-534816b e-flex e-con-boxed e-con e-parent\" data-id=\"534816b\" data-element_type=\"container\">\n\t\t\t\t\t<div class=\"e-con-inner\">\n\t\t\t\t<div class=\"elementor-element elementor-element-067bb36 elementor-widget elementor-widget-text-editor\" data-id=\"067bb36\" data-element_type=\"widget\" data-widget_type=\"text-editor.default\">\n\t\t\t\t<div class=\"elementor-widget-container\">\n\t\t\t\t\t\t\t<p>Amerika? Ne, nikoli me ni zares pritegnila. Evropa? Preve\u010d podobna Sloveniji, iste omejitve, isti trgi.<\/p><p><strong>Potem pa Dubaj&#8230;<\/strong> Mesto, ki ga vsi opisujejo kot mesto prilo\u017enosti, varnosti, reda in neustavljivega razvoja.<\/p><p>Dubaj je bil zame logi\u010dna izbira.<\/p><p><strong>Zakaj?<\/strong> <span style=\"text-decoration: underline;\">Nepremi\u010dninski trg, ki nenehno raste.<\/span> Ljudje z vsega sveta, ki jih pritegne stabilnost, \u010distost in mo\u017enosti za nalo\u017ebe, ki jih v Evropi ali Ameriki te\u017eko najde\u0161. Poleg vrhunskih storitev in infrastrukture Dubaj ponuja izjemno varnost za posameznike in dru\u017eine, kar ustvarja idealno okolje za dolgoro\u010dne investicije in kakovostno \u017eivljenje. Neposredna povezava z Ljubljano, ki mi omogo\u010da, da sem v petih urah na drugem koncu sveta ali doma, pa je odlo\u010ditev o selitvi v Dubaj naredila \u0161e toliko la\u017ejo.<\/p><p>Kar pa me je resni\u010dno presenetilo \u2013 v mestu, ki ga vsi asociiramo z <strong>luksuzom<\/strong> in <strong>bogastvom<\/strong>, so <strong>cene nepremi\u010dnin tako dostopne<\/strong>. Nisem vedel, da lahko v Dubaju kupi\u0161 novogradnjo za manj kot 5.000 \u20ac na kvadratni meter, pla\u010duje\u0161 na obroke brez obresti in ob tem dosega\u0161 donose, o kakr\u0161nih v Sloveniji in ve\u010dini Evrope lahko le sanjamo. Poleg tega v Dubaju ni davkov na nepremi\u010dnine, postopek nakupa pa je hiter, enostaven in varen.<\/p><p>Junija 2023 sem se preselil v Dubaj in za\u010del delati v agenciji Sterling Boulevard. Z mentorstvom lokalca, ki Dubaj pozna do potankosti, sem se u\u010dil in odkrival potenciale tega izjemnega trga.<\/p><p>Da bi nadgradil svoje znanje, sem se februarja 2024 pridru\u017eil eni najve\u010djih agencij, Ax Capital, kjer sem pridobil vpogled v najrazli\u010dnej\u0161e investicijske prilo\u017enosti. V tem \u010dasu sem prodal \u0161tevilne nepremi\u010dnine in pridobil dragocene izku\u0161nje. A delo v veliki agenciji me je omejevalo \u2013 \u017eelel sem ve\u010d svobode pri delu s svojimi strankami iz Evrope, zato sem se odlo\u010dil za freelance pot.<\/p><p>Danes sodelujem z <strong>agencijo Allegiance.<\/strong><\/p>\t\t\t\t\t\t<\/div>\n\t\t\t\t<\/div>\n\t\t\t\t\t<\/div>\n\t\t\t\t<\/div>\n\t\t<div class=\"elementor-element elementor-element-e414e51 e-flex e-con-boxed e-con e-parent\" data-id=\"e414e51\" data-element_type=\"container\" data-settings=\"{&quot;background_background&quot;:&quot;classic&quot;}\">\n\t\t\t\t\t<div class=\"e-con-inner\">\n\t\t<div class=\"elementor-element elementor-element-7e91361 e-con-full e-flex e-con e-child\" data-id=\"7e91361\" data-element_type=\"container\">\n\t\t\t\t<div class=\"elementor-element elementor-element-b5344d2 elementor-widget elementor-widget-heading\" data-id=\"b5344d2\" data-element_type=\"widget\" data-widget_type=\"heading.default\">\n\t\t\t\t<div class=\"elementor-widget-container\">\n\t\t\t<h2 class=\"elementor-heading-title elementor-size-default\">ZAKAJ MI?<\/h2>\t\t<\/div>\n\t\t\t\t<\/div>\n\t\t\t\t<\/div>\n\t\t<div class=\"elementor-element elementor-element-28219d6 e-con-full e-flex e-con e-child\" data-id=\"28219d6\" data-element_type=\"container\">\n\t\t\t\t<div class=\"elementor-element elementor-element-7082406 elementor-widget elementor-widget-text-editor\" data-id=\"7082406\" data-element_type=\"widget\" data-widget_type=\"text-editor.default\">\n\t\t\t\t<div class=\"elementor-widget-container\">\n\t\t\t\t\t\t\t<div><strong>ZAGOTAVLJAMO EKSKLUZIVNE ENOTE NEPOSREDNO OD DEVELOPERJEV.<\/strong><\/div><p>\u00a0<\/p><p>Poleg vsega na\u0161tetega je na\u0161a prednost, da nudimo celovite re\u0161itve:<\/p><ul><li>nakup,<\/li><li>prodaja,<\/li><li>oddaja,<\/li><li>upravljanje nepremi\u010dnin,<\/li><li>ureditve viz in<\/li><li>ban\u010dnih ra\u010dunov.<\/li><\/ul><p><span style=\"font-size: 18pt;\"><strong>Na\u0161 cilj?<\/strong><\/span><\/p><p>Da va\u0161a nalo\u017eba v Dubaj postane popolnoma brezskrbna, vi pa u\u017eivate v pasivnem dohodku.<\/p>\t\t\t\t\t\t<\/div>\n\t\t\t\t<\/div>\n\t\t\t\t<\/div>\n\t\t\t\t\t<\/div>\n\t\t\t\t<\/div>\n\t\t<div class=\"elementor-element elementor-element-c37cbaf e-flex e-con-boxed e-con e-parent\" data-id=\"c37cbaf\" data-element_type=\"container\">\n\t\t\t\t\t<div class=\"e-con-inner\">\n\t\t\t\t<div class=\"elementor-element elementor-element-c6c18bf elementor-widget elementor-widget-heading\" data-id=\"c6c18bf\" data-element_type=\"widget\" data-widget_type=\"heading.default\">\n\t\t\t\t<div class=\"elementor-widget-container\">\n\t\t\t<h2 class=\"elementor-heading-title elementor-size-default\">SODELOVANJE Z AGENCIJO ALLEGIANCE<\/h2>\t\t<\/div>\n\t\t\t\t<\/div>\n\t\t\t\t\t<\/div>\n\t\t\t\t<\/div>\n\t\t<div class=\"elementor-element elementor-element-210db6e e-grid e-con-boxed e-con e-parent\" data-id=\"210db6e\" data-element_type=\"container\">\n\t\t\t\t\t<div class=\"e-con-inner\">\n\t\t\t\t<div class=\"elementor-element elementor-element-e3e0ada elementor-widget elementor-widget-text-editor\" data-id=\"e3e0ada\" data-element_type=\"widget\" data-widget_type=\"text-editor.default\">\n\t\t\t\t<div class=\"elementor-widget-container\">\n\t\t\t\t\t\t\t<p><span style=\"font-size: 36pt; color: #ddb25a;\"><strong>DOSE\u017dKI<\/strong><\/span><\/p><p>V zadnjih 24 mesecih je Allegiance dosegla <strong>prodaje v skupni vi\u0161ini 20 milijard AED<\/strong> (5 miljard EUR). Mednarodna \u0161iritev agencije vklju\u010duje pisarne v Rijadu, Parizu, Benetkah in Limassolu, prav tako pa so od leta 2020 organizirali ve\u010d kot 200 predstavitev, da bi promovirali Dubaj kot <strong>investicijsko destinacijo<\/strong>.<\/p>\t\t\t\t\t\t<\/div>\n\t\t\t\t<\/div>\n\t\t\t\t<div class=\"elementor-element elementor-element-a46c87a elementor-widget elementor-widget-text-editor\" data-id=\"a46c87a\" data-element_type=\"widget\" data-widget_type=\"text-editor.default\">\n\t\t\t\t<div class=\"elementor-widget-container\">\n\t\t\t\t\t\t\t<p><span style=\"font-size: 36pt;\"><strong><span style=\"color: #ddb25a;\">STORITVE ZA STRANKE<\/span><\/strong><\/span><\/p><p>Z usposobljeno ekipo <strong>ve\u010d kot 5.000 izku\u0161enih strokovnjakov<\/strong> Allegiance oskrbuje mednarodne vlagatelje in nudi strokovno znanje na razli\u010dnih podro\u010djih nepremi\u010dnin. Agencija ohranja oceno zadovoljstva strank 4,9\/5 in deluje 24\/7, da podpira stranke v razli\u010dnih \u010dasovnih pasovih.<\/p>\t\t\t\t\t\t<\/div>\n\t\t\t\t<\/div>\n\t\t\t\t<div class=\"elementor-element elementor-element-35757d9 elementor-widget elementor-widget-text-editor\" data-id=\"35757d9\" data-element_type=\"widget\" data-widget_type=\"text-editor.default\">\n\t\t\t\t<div class=\"elementor-widget-container\">\n\t\t\t\t\t\t\t<p><span style=\"font-size: 36pt; color: #ddb25a;\"><strong>PONUDBE<\/strong><\/span><\/p><p>Allegiance zagotavlja ekskluzivne enote neposredno od developerjev, kar omogo\u010da <strong>bolj\u0161e ponudbe v primerjavi s konkurenco.<\/strong><\/p>\t\t\t\t\t\t<\/div>\n\t\t\t\t<\/div>\n\t\t\t\t<div class=\"elementor-element elementor-element-34f5484 elementor-widget elementor-widget-text-editor\" data-id=\"34f5484\" data-element_type=\"widget\" data-widget_type=\"text-editor.default\">\n\t\t\t\t<div class=\"elementor-widget-container\">\n\t\t\t\t\t\t\t<p><span style=\"font-size: 36pt; color: #ddb25a;\"><strong>PRIZNANJA<\/strong><\/span><\/p><p>Kot nagrajena agencija je Allegiance prejela \u0161tevilne priznanja od uglednih developerjev (Emaar, Sobha, Damac&#8230;).<\/p>\t\t\t\t\t\t<\/div>\n\t\t\t\t<\/div>\n\t\t\t\t\t<\/div>\n\t\t\t\t<\/div>\n\t\t\t\t<\/div>\n\t\t","protected":false},"excerpt":{"rendered":"<p>KAKO SEM PRISTAL V DUBAJU? Moja pot se je za\u010dela med pandemijo, ko sem pridobil licenco za nepremi\u010dninskega posrednika v Sloveniji. Hitro sem ugotovil, da je ta posel pisan meni&#46;&#46;&#46;<\/p>\n","protected":false},"author":1,"featured_media":0,"parent":0,"menu_order":0,"comment_status":"closed","ping_status":"closed","template":"fullwidth.php","meta":{"footnotes":""},"class_list":["post-2405","page","type-page","status-publish","hentry"],"_links":{"self":[{"href":"https:\/\/petrodeluxe.com\/index.php?rest_route=\/wp\/v2\/pages\/2405","targetHints":{"allow":["GET"]}}],"collection":[{"href":"https:\/\/petrodeluxe.com\/index.php?rest_route=\/wp\/v2\/pages"}],"about":[{"href":"https:\/\/petrodeluxe.com\/index.php?rest_route=\/wp\/v2\/types\/page"}],"author":[{"embeddable":true,"href":"https:\/\/petrodeluxe.com\/index.php?rest_route=\/wp\/v2\/users\/1"}],"replies":[{"embeddable":true,"href":"https:\/\/petrodeluxe.com\/index.php?rest_route=%2Fwp%2Fv2%2Fcomments&post=2405"}],"version-history":[{"count":11,"href":"https:\/\/petrodeluxe.com\/index.php?rest_route=\/wp\/v2\/pages\/2405\/revisions"}],"predecessor-version":[{"id":2416,"href":"https:\/\/petrodeluxe.com\/index.php?rest_route=\/wp\/v2\/pages\/2405\/revisions\/2416"}],"wp:attachment":[{"href":"https:\/\/petrodeluxe.com\/index.php?rest_route=%2Fwp%2Fv2%2Fmedia&parent=2405"}],"curies":[{"name":"wp","href":"https:\/\/api.w.org\/{rel}","templated":true}]}}